{"id":495,"date":"2023-07-12T12:32:22","date_gmt":"2023-07-12T10:32:22","guid":{"rendered":"https:\/\/www.distinctium.com\/quien-somos\/"},"modified":"2024-06-28T17:14:17","modified_gmt":"2024-06-28T15:14:17","slug":"quien-somos","status":"publish","type":"page","link":"https:\/\/www.distinctium.com\/es\/quien-somos\/","title":{"rendered":"Qui\u00e9n somos?"},"content":{"rendered":"<p>[et_pb_section fb_built=\u00bb1&#8243; fullwidth=\u00bbon\u00bb _builder_version=\u00bb4.16&#8243; global_colors_info=\u00bb{}\u00bb][et_pb_fullwidth_header text_orientation=\u00bbcenter\u00bb header_scroll_down=\u00bbon\u00bb _builder_version=\u00bb4.25.2&#8243; _module_preset=\u00bbdefault\u00bb background_image=\u00bbhttps:\/\/www.distinctium.com\/wp-content\/uploads\/qui-som-0.jpg\u00bb custom_padding=\u00bb167px||274px|||\u00bb global_colors_info=\u00bb{}\u00bb][\/et_pb_fullwidth_header][\/et_pb_section][et_pb_section fb_built=\u00bb1&#8243; _builder_version=\u00bb4.16&#8243; custom_padding=\u00bb||0px|||\u00bb global_colors_info=\u00bb{}\u00bb][et_pb_row column_structure=\u00bb2_5,3_5&#8243; _builder_version=\u00bb4.16&#8243; global_colors_info=\u00bb{}\u00bb custom_padding=\u00bb||0px|||\u00bb][et_pb_column type=\u00bb2_5&#8243; _builder_version=\u00bb4.16&#8243; global_colors_info=\u00bb{}\u00bb][et_pb_image src=\u00bbhttps:\/\/www.distinctium.com\/wp-content\/uploads\/Distinctium-Enric.jpeg\u00bb title_text=\u00bbDistinctium-Enric\u00bb _builder_version=\u00bb4.25.1&#8243; _module_preset=\u00bbdefault\u00bb global_colors_info=\u00bb{}\u00bb][\/et_pb_image][\/et_pb_column][et_pb_column type=\u00bb3_5&#8243; _builder_version=\u00bb4.16&#8243; global_colors_info=\u00bb{}\u00bb][et_pb_text _builder_version=\u00bb4.25.1&#8243; text_font_size=\u00bb16px\u00bb global_colors_info=\u00bb{}\u00bb]<\/p>\n<h3>QUI\u00c9N SOMOS?<\/h3>\n<p>&nbsp;<\/p>\n<p>Soy Enric Poch, y quiero acompa\u00f1arte en una de las decisiones m\u00e1s importantes: la compra de un inmueble.<\/p>\n<p>He vivido las dificultades en persona cuando quieres comprar una vivienda y he descubierto que habr\u00eda ido mucho mejor si hubiera conocido los riesgos que existen en un mercado no regulado como el inmobiliario, lleno de sorpresas y sustos, sino tienes un buen gu\u00eda.<\/p>\n<p>Nuestra vocaci\u00f3n es dar una opini\u00f3n que nunca contradiga los objetivos de nuestro cliente y, siempre que sea realista, aceptar el encargo de encontrar un inmueble satisfactorio.<\/p>\n<p>Iniciamos nuestro \u00e1mbito en la Costa Brava Sur, despu\u00e9s ampliamos a Barcelona ciudad y ahora hemos a\u00f1adido Tarragona, Castell\u00f3n y Valencia, gracias a nuevas incorporaciones al equipo.<\/p>\n<p>Esperamos saber sus ilusiones para ayudarle a que sea lo m\u00e1s c\u00f3modo posible<\/p>\n<p>&nbsp;<\/p>\n<p>&nbsp;<\/p>\n<p>[\/et_pb_text][\/et_pb_column][\/et_pb_row][et_pb_row _builder_version=\u00bb4.25.2&#8243; _module_preset=\u00bbdefault\u00bb hover_enabled=\u00bb0&#8243; sticky_enabled=\u00bb0&#8243;][et_pb_column _builder_version=\u00bb4.25.2&#8243; _module_preset=\u00bbdefault\u00bb type=\u00bb4_4&#8243;][et_pb_text _builder_version=\u00bb4.25.2&#8243; _module_preset=\u00bbdefault\u00bb text_font_size=\u00bb17px\u00bb hover_enabled=\u00bb0&#8243; sticky_enabled=\u00bb0&#8243; custom_margin=\u00bb||27px|||\u00bb]<\/p>\n<p>Nuestros puntos fuertes son <strong>honestidad<\/strong>, una <strong>comunicaci\u00f3n r\u00e1pida con nuestro cliente<\/strong> y<strong>definir las preferencias<\/strong> de manera precisa.<\/p>\n<p>Nuestro LOGO representa nuestra mentalidad <strong>\u00abTime on Target\u00bb:<\/strong> una b\u00fasqueda amplia y personalizada, con el objetivo de posicionar a nuestro cliente con garant\u00edas en primera l\u00ednea de la verdadera oportunidad. De esta forma hemos conseguido y seguiremos encontrando buenas inversiones a nuestros clientes, asesorando en la decisi\u00f3n de compra de forma honesta. Nuestra meta es mantener una tasa de \u00e9xito y satisfacci\u00f3n excelente, as\u00ed nuestros clientes son nuestros mejores prescriptores<\/p>\n<p>En la fase postcompra te acompa\u00f1amos en otros temas administrativos (certificado energ\u00e9tico, permiso de obras, contratos jur\u00eddicos) y podemos ofrecerle tasaciones e informes de rentabilidad para alquileres.<\/p>\n<p>[\/et_pb_text][\/et_pb_column][\/et_pb_row][\/et_pb_section][et_pb_section fb_built=\u00bb1&#8243; fullwidth=\u00bbon\u00bb _builder_version=\u00bb4.25.2&#8243; _module_preset=\u00bbdefault\u00bb global_colors_info=\u00bb{}\u00bb][et_pb_fullwidth_header title=\u00bbHablamos su idioma: CATALA, CASTILLA, INGL\u00c9S, FRANC\u00c9S, ARAB, RUSO\u00bb _builder_version=\u00bb4.25.2&#8243; _module_preset=\u00bbdefault\u00bb custom_padding=\u00bb34px||22px|||\u00bb global_colors_info=\u00bb{}\u00bb][\/et_pb_fullwidth_header][\/et_pb_section][et_pb_section fb_built=\u00bb1&#8243; disabled_on=\u00bboff|off|off\u00bb _builder_version=\u00bb4.25.1&#8243; _module_preset=\u00bbdefault\u00bb custom_margin=\u00bb-20px|||||\u00bb custom_padding=\u00bb29px||34px|||\u00bb top_divider_style=\u00bbasymmetric2&#8243; top_divider_color=\u00bb#2B2E83&#8243; global_colors_info=\u00bb{}\u00bb][et_pb_row column_structure=\u00bb1_2,1_2&#8243; _builder_version=\u00bb4.21.0&#8243; _module_preset=\u00bbdefault\u00bb global_colors_info=\u00bb{}\u00bb][et_pb_column type=\u00bb1_2&#8243; _builder_version=\u00bb4.21.0&#8243; _module_preset=\u00bbdefault\u00bb global_colors_info=\u00bb{}\u00bb][et_pb_text _builder_version=\u00bb4.25.1&#8243; text_font_size=\u00bb16px\u00bb global_colors_info=\u00bb{}\u00bb]<\/p>\n<p>&nbsp;<\/p>\n<h3>QU\u00c9 HACEMOS?<\/h3>\n<p>&nbsp;<\/p>\n<p>Asesoramos t\u00e9cnica y comercialmente en todo el proceso de compra, y en la tramitaci\u00f3n postventa que requiere cualquier transacci\u00f3n inmobiliaria: inversi\u00f3n, expansi\u00f3n, vivienda, espacio de negocio, etc.<\/p>\n<p>No somos una agencia inmobiliaria as\u00ed que no tenemos ning\u00fan producto en nuestro portafolio; buscamos por nuestro cliente a trav\u00e9s de todos los canales disponibles accediendo al 100% de la oferta del mercado<\/p>\n<p>&nbsp;<\/p>\n<p>[\/et_pb_text][et_pb_button button_url=\u00bb@ET-DC@eyJkeW5hbWljIjp0cnVlLCJjb250ZW50IjoicG9zdF9saW5rX3VybF9wYWdlIiwic2V0dGluZ3MiOnsicG9zdF9pZCI6IjI2In19@\u00bb button_text=\u00bbC\u00d3MO LO HACEMOS?\u00bb button_alignment=\u00bbcenter\u00bb button_alignment_tablet=\u00bbcenter\u00bb button_alignment_phone=\u00bbcenter\u00bb button_alignment_last_edited=\u00bbon|desktop\u00bb _builder_version=\u00bb4.25.1&#8243; _dynamic_attributes=\u00bbbutton_url\u00bb custom_margin=\u00bb-18px|||||\u00bb custom_margin_tablet=\u00bb0px||||false|false\u00bb custom_margin_phone=\u00bb0px||||false|false\u00bb custom_margin_last_edited=\u00bbon|phone\u00bb custom_padding=\u00bb0px|||||\u00bb global_colors_info=\u00bb{}\u00bb][\/et_pb_button][\/et_pb_column][et_pb_column type=\u00bb1_2&#8243; _builder_version=\u00bb4.21.0&#8243; _module_preset=\u00bbdefault\u00bb global_colors_info=\u00bb{}\u00bb][et_pb_image src=\u00bbhttps:\/\/www.distinctium.com\/wp-content\/uploads\/equip.jpg\u00bb _builder_version=\u00bb4.16&#8243; custom_margin=\u00bb69px|||||\u00bb global_colors_info=\u00bb{}\u00bb][\/et_pb_image][\/et_pb_column][\/et_pb_row][\/et_pb_section][et_pb_section fb_built=\u00bb1&#8243; _builder_version=\u00bb4.25.2&#8243; background_image=\u00bbhttps:\/\/www.distinctium.com\/wp-content\/uploads\/Distinctium-serveis-contacte.jpg\u00bb custom_padding=\u00bb86px||151px|||\u00bb top_divider_style=\u00bbarrow\u00bb top_divider_color=\u00bb#2b2e83&#8243; top_divider_height=\u00bb75px\u00bb global_module=\u00bb179&#8243; saved_tabs=\u00bball\u00bb global_colors_info=\u00bb{}\u00bb][et_pb_row _builder_version=\u00bb4.21.0&#8243; background_color=\u00bbRGBA(255,255,255,0)\u00bb global_colors_info=\u00bb{}\u00bb][et_pb_column type=\u00bb4_4&#8243; _builder_version=\u00bb4.16&#8243; global_colors_info=\u00bb{}\u00bb][et_pb_text _builder_version=\u00bb4.22.0&#8243; header_text_align=\u00bbcenter\u00bb header_3_text_align=\u00bbcenter\u00bb background_color=\u00bbrgba(255,255,255,0.39)\u00bb custom_padding=\u00bb58px|||||\u00bb global_colors_info=\u00bb{}\u00bb]<\/p>\n<h1>CONTACTA CON NOSOTROS<\/h1>\n<p>&nbsp;<\/p>\n<h3>Expl\u00edcanos d\u00f3nde y qu\u00e9 quieres comprar y te ayudaremos en todo el proceso de b\u00fasqueda, auditor\u00eda, financiaci\u00f3n y tr\u00e1mites.<\/h3>\n<p>&nbsp;<\/p>\n<p>&nbsp;<\/p>\n<p>[\/et_pb_text][et_pb_button button_url=\u00bb@ET-DC@eyJkeW5hbWljIjp0cnVlLCJjb250ZW50IjoicG9zdF9saW5rX3VybF9wYWdlIiwic2V0dGluZ3MiOnsicG9zdF9pZCI6IjI4In19@\u00bb button_text=\u00bbCONTACTO\u00bb button_alignment=\u00bbcenter\u00bb _builder_version=\u00bb4.21.0&#8243; _dynamic_attributes=\u00bbbutton_url\u00bb custom_button=\u00bbon\u00bb button_text_color=\u00bb#2b2e83&#8243; button_bg_color=\u00bb#ffffff\u00bb button_border_color=\u00bb#2b2e83&#8243; global_colors_info=\u00bb{}\u00bb][\/et_pb_button][\/et_pb_column][\/et_pb_row][\/et_pb_section]<\/p>\n","protected":false},"excerpt":{"rendered":"<p>QUI\u00c9N SOMOS? &nbsp; Soy Enric Poch, y quiero acompa\u00f1arte en una de las decisiones m\u00e1s importantes: la compra de un inmueble. He vivido las dificultades en persona cuando quieres comprar una vivienda y he descubierto que habr\u00eda ido mucho mejor si hubiera conocido los riesgos que existen en un mercado no regulado como el inmobiliario, [&hellip;]<\/p>\n","protected":false},"author":1,"featured_media":0,"parent":0,"menu_order":0,"comment_status":"closed","ping_status":"closed","template":"","meta":{"_et_pb_use_builder":"on","_et_pb_old_content":"","_et_gb_content_width":"","footnotes":""},"class_list":["post-495","page","type-page","status-publish","hentry"],"yoast_head":"<!-- This site is optimized with the Yoast SEO plugin v23.7 - https:\/\/yoast.com\/wordpress\/plugins\/seo\/ -->\n<title>Qui\u00e9n somos? - Distinctium - Personal Shoper Immobiliari<\/title>\n<meta name=\"robots\" content=\"index, follow, max-snippet:-1, max-image-preview:large, max-video-preview:-1\" \/>\n<link rel=\"canonical\" href=\"https:\/\/www.distinctium.com\/qui-som\/\" \/>\n<meta property=\"og:locale\" content=\"es_ES\" \/>\n<meta property=\"og:type\" content=\"article\" \/>\n<meta property=\"og:title\" content=\"Qui\u00e9n somos? - Distinctium - Personal Shoper Immobiliari\" \/>\n<meta property=\"og:description\" content=\"QUI\u00c9N SOMOS? &nbsp; Soy Enric Poch, y quiero acompa\u00f1arte en una de las decisiones m\u00e1s importantes: la compra de un inmueble. He vivido las dificultades en persona cuando quieres comprar una vivienda y he descubierto que habr\u00eda ido mucho mejor si hubiera conocido los riesgos que existen en un mercado no regulado como el inmobiliario, [&hellip;]\" \/>\n<meta property=\"og:url\" content=\"https:\/\/www.distinctium.com\/qui-som\/\" \/>\n<meta property=\"og:site_name\" content=\"Distinctium - Personal Shoper Immobiliari\" \/>\n<meta property=\"article:modified_time\" content=\"2024-06-28T15:14:17+00:00\" \/>\n<meta name=\"twitter:card\" content=\"summary_large_image\" \/>\n<meta name=\"twitter:label1\" content=\"Tiempo de lectura\" \/>\n\t<meta name=\"twitter:data1\" content=\"5 minutos\" \/>\n<script type=\"application\/ld+json\" class=\"yoast-schema-graph\">{\"@context\":\"https:\/\/schema.org\",\"@graph\":[{\"@type\":\"WebPage\",\"@id\":\"https:\/\/www.distinctium.com\/qui-som\/\",\"url\":\"https:\/\/www.distinctium.com\/qui-som\/\",\"name\":\"Qui\u00e9n somos? - Distinctium - Personal Shoper Immobiliari\",\"isPartOf\":{\"@id\":\"https:\/\/www.distinctium.com\/#website\"},\"datePublished\":\"2023-07-12T10:32:22+00:00\",\"dateModified\":\"2024-06-28T15:14:17+00:00\",\"breadcrumb\":{\"@id\":\"https:\/\/www.distinctium.com\/qui-som\/#breadcrumb\"},\"inLanguage\":\"es\",\"potentialAction\":[{\"@type\":\"ReadAction\",\"target\":[\"https:\/\/www.distinctium.com\/qui-som\/\"]}]},{\"@type\":\"BreadcrumbList\",\"@id\":\"https:\/\/www.distinctium.com\/qui-som\/#breadcrumb\",\"itemListElement\":[{\"@type\":\"ListItem\",\"position\":1,\"name\":\"Inici\",\"item\":\"https:\/\/www.distinctium.com\/\"},{\"@type\":\"ListItem\",\"position\":2,\"name\":\"Qui\u00e9n somos?\"}]},{\"@type\":\"WebSite\",\"@id\":\"https:\/\/www.distinctium.com\/#website\",\"url\":\"https:\/\/www.distinctium.com\/\",\"name\":\"Distinctium - Personal Shoper Immobiliari\",\"description\":\"Costa Brava i Barcelona\",\"publisher\":{\"@id\":\"https:\/\/www.distinctium.com\/#organization\"},\"potentialAction\":[{\"@type\":\"SearchAction\",\"target\":{\"@type\":\"EntryPoint\",\"urlTemplate\":\"https:\/\/www.distinctium.com\/?s={search_term_string}\"},\"query-input\":{\"@type\":\"PropertyValueSpecification\",\"valueRequired\":true,\"valueName\":\"search_term_string\"}}],\"inLanguage\":\"es\"},{\"@type\":\"Organization\",\"@id\":\"https:\/\/www.distinctium.com\/#organization\",\"name\":\"DISTINCTIUM SL\",\"url\":\"https:\/\/www.distinctium.com\/\",\"logo\":{\"@type\":\"ImageObject\",\"inLanguage\":\"es\",\"@id\":\"https:\/\/www.distinctium.com\/#\/schema\/logo\/image\/\",\"url\":\"https:\/\/www.distinctium.com\/wp-content\/uploads\/2023\/07\/cropped-favicon-distinctium.jpg\",\"contentUrl\":\"https:\/\/www.distinctium.com\/wp-content\/uploads\/2023\/07\/cropped-favicon-distinctium.jpg\",\"width\":512,\"height\":512,\"caption\":\"DISTINCTIUM SL\"},\"image\":{\"@id\":\"https:\/\/www.distinctium.com\/#\/schema\/logo\/image\/\"}}]}<\/script>\n<!-- \/ Yoast SEO plugin. -->","yoast_head_json":{"title":"Qui\u00e9n somos? - Distinctium - Personal Shoper Immobiliari","robots":{"index":"index","follow":"follow","max-snippet":"max-snippet:-1","max-image-preview":"max-image-preview:large","max-video-preview":"max-video-preview:-1"},"canonical":"https:\/\/www.distinctium.com\/qui-som\/","og_locale":"es_ES","og_type":"article","og_title":"Qui\u00e9n somos? - Distinctium - Personal Shoper Immobiliari","og_description":"QUI\u00c9N SOMOS? &nbsp; Soy Enric Poch, y quiero acompa\u00f1arte en una de las decisiones m\u00e1s importantes: la compra de un inmueble. He vivido las dificultades en persona cuando quieres comprar una vivienda y he descubierto que habr\u00eda ido mucho mejor si hubiera conocido los riesgos que existen en un mercado no regulado como el inmobiliario, [&hellip;]","og_url":"https:\/\/www.distinctium.com\/qui-som\/","og_site_name":"Distinctium - Personal Shoper Immobiliari","article_modified_time":"2024-06-28T15:14:17+00:00","twitter_card":"summary_large_image","twitter_misc":{"Tiempo de lectura":"5 minutos"},"schema":{"@context":"https:\/\/schema.org","@graph":[{"@type":"WebPage","@id":"https:\/\/www.distinctium.com\/qui-som\/","url":"https:\/\/www.distinctium.com\/qui-som\/","name":"Qui\u00e9n somos? - Distinctium - Personal Shoper Immobiliari","isPartOf":{"@id":"https:\/\/www.distinctium.com\/#website"},"datePublished":"2023-07-12T10:32:22+00:00","dateModified":"2024-06-28T15:14:17+00:00","breadcrumb":{"@id":"https:\/\/www.distinctium.com\/qui-som\/#breadcrumb"},"inLanguage":"es","potentialAction":[{"@type":"ReadAction","target":["https:\/\/www.distinctium.com\/qui-som\/"]}]},{"@type":"BreadcrumbList","@id":"https:\/\/www.distinctium.com\/qui-som\/#breadcrumb","itemListElement":[{"@type":"ListItem","position":1,"name":"Inici","item":"https:\/\/www.distinctium.com\/"},{"@type":"ListItem","position":2,"name":"Qui\u00e9n somos?"}]},{"@type":"WebSite","@id":"https:\/\/www.distinctium.com\/#website","url":"https:\/\/www.distinctium.com\/","name":"Distinctium - Personal Shoper Immobiliari","description":"Costa Brava i Barcelona","publisher":{"@id":"https:\/\/www.distinctium.com\/#organization"},"potentialAction":[{"@type":"SearchAction","target":{"@type":"EntryPoint","urlTemplate":"https:\/\/www.distinctium.com\/?s={search_term_string}"},"query-input":{"@type":"PropertyValueSpecification","valueRequired":true,"valueName":"search_term_string"}}],"inLanguage":"es"},{"@type":"Organization","@id":"https:\/\/www.distinctium.com\/#organization","name":"DISTINCTIUM SL","url":"https:\/\/www.distinctium.com\/","logo":{"@type":"ImageObject","inLanguage":"es","@id":"https:\/\/www.distinctium.com\/#\/schema\/logo\/image\/","url":"https:\/\/www.distinctium.com\/wp-content\/uploads\/2023\/07\/cropped-favicon-distinctium.jpg","contentUrl":"https:\/\/www.distinctium.com\/wp-content\/uploads\/2023\/07\/cropped-favicon-distinctium.jpg","width":512,"height":512,"caption":"DISTINCTIUM SL"},"image":{"@id":"https:\/\/www.distinctium.com\/#\/schema\/logo\/image\/"}}]}},"_links":{"self":[{"href":"https:\/\/www.distinctium.com\/es\/wp-json\/wp\/v2\/pages\/495","targetHints":{"allow":["GET"]}}],"collection":[{"href":"https:\/\/www.distinctium.com\/es\/wp-json\/wp\/v2\/pages"}],"about":[{"href":"https:\/\/www.distinctium.com\/es\/wp-json\/wp\/v2\/types\/page"}],"author":[{"embeddable":true,"href":"https:\/\/www.distinctium.com\/es\/wp-json\/wp\/v2\/users\/1"}],"replies":[{"embeddable":true,"href":"https:\/\/www.distinctium.com\/es\/wp-json\/wp\/v2\/comments?post=495"}],"version-history":[{"count":8,"href":"https:\/\/www.distinctium.com\/es\/wp-json\/wp\/v2\/pages\/495\/revisions"}],"predecessor-version":[{"id":673,"href":"https:\/\/www.distinctium.com\/es\/wp-json\/wp\/v2\/pages\/495\/revisions\/673"}],"wp:attachment":[{"href":"https:\/\/www.distinctium.com\/es\/wp-json\/wp\/v2\/media?parent=495"}],"curies":[{"name":"wp","href":"https:\/\/api.w.org\/{rel}","templated":true}]}}