{"id":510,"date":"2023-07-12T12:32:52","date_gmt":"2023-07-12T10:32:52","guid":{"rendered":"https:\/\/www.distinctium.com\/servicios\/"},"modified":"2023-08-03T13:33:31","modified_gmt":"2023-08-03T11:33:31","slug":"servicios","status":"publish","type":"page","link":"https:\/\/www.distinctium.com\/es\/servicios\/","title":{"rendered":"Servicios"},"content":{"rendered":"<p>[et_pb_section fb_built=\u00bb1&#8243; fullwidth=\u00bbon\u00bb _builder_version=\u00bb4.16&#8243; global_colors_info=\u00bb{}\u00bb][et_pb_fullwidth_header _builder_version=\u00bb4.16&#8243; background_enable_color=\u00bboff\u00bb background_image=\u00bbhttps:\/\/www.distinctium.com\/wp-content\/uploads\/money-2724248_1920.jpg\u00bb background_layout=\u00bblight\u00bb custom_padding=\u00bb151px||139px|||\u00bb global_colors_info=\u00bb{}\u00bb]<\/p>\n<h1 style=\"text-align: center;\"><strong>POR QU\u00c9 UN PERSONAL SHOPPER INMOBILIARIO?<\/strong><\/h1>\n<p>[\/et_pb_fullwidth_header][\/et_pb_section][et_pb_section fb_built=\u00bb1&#8243; _builder_version=\u00bb4.16&#8243; custom_margin=\u00bb4px|||||\u00bb custom_padding=\u00bb||0px|||\u00bb bottom_divider_color=\u00bb#2b2e83&#8243; bottom_divider_height=\u00bb74px\u00bb global_colors_info=\u00bb{}\u00bb][et_pb_row _builder_version=\u00bb4.16&#8243; custom_padding=\u00bb||58px|||\u00bb global_colors_info=\u00bb{}\u00bb][et_pb_column type=\u00bb4_4&#8243; _builder_version=\u00bb4.16&#8243; global_colors_info=\u00bb{}\u00bb][et_pb_text _builder_version=\u00bb4.16&#8243; text_font_size=\u00bb18px\u00bb text_orientation=\u00bbcenter\u00bb global_colors_info=\u00bb{}\u00bb]Un Personal Shopper Inmobiliario es un asesor inmobiliario que se posiciona y defiende, de forma exclusiva y determinante, los intereses del cliente COMPRADOR.<br \/>\n[\/et_pb_text][\/et_pb_column][\/et_pb_row][\/et_pb_section][et_pb_section fb_built=\u00bb1&#8243; _builder_version=\u00bb4.16&#8243; custom_padding=\u00bb82px|||||\u00bb top_divider_style=\u00bbarrow\u00bb top_divider_color=\u00bb#2b2e83&#8243; top_divider_height=\u00bb67px\u00bb global_colors_info=\u00bb{}\u00bb][et_pb_row column_structure=\u00bb1_4,3_4&#8243; _builder_version=\u00bb4.16&#8243; global_colors_info=\u00bb{}\u00bb][et_pb_column type=\u00bb1_4&#8243; _builder_version=\u00bb4.16&#8243; global_colors_info=\u00bb{}\u00bb][et_pb_image src=\u00bbhttps:\/\/www.distinctium.com\/wp-content\/uploads\/Distinctium-serveis-1.jpg\u00bb _builder_version=\u00bb4.21.0&#8243; border_width_all=\u00bb1px\u00bb global_colors_info=\u00bb{}\u00bb][\/et_pb_image][\/et_pb_column][et_pb_column type=\u00bb3_4&#8243; _builder_version=\u00bb4.16&#8243; global_colors_info=\u00bb{}\u00bb][et_pb_text _builder_version=\u00bb4.16&#8243; header_font=\u00bb|800|||||||\u00bb header_text_color=\u00bb#2b2e83&#8243; global_colors_info=\u00bb{}\u00bb]<\/p>\n<h1>1<\/h1>\n<p>[\/et_pb_text][et_pb_text _builder_version=\u00bb4.16&#8243; custom_padding=\u00bb0px|||||\u00bb global_colors_info=\u00bb{}\u00bb]<\/p>\n<p>En primer lugar realizamos un cuestionario para conocer las necesidades de nuestro cliente y ponderar las que son m\u00e1s importantes como pueden ser: espacio, ubicaci\u00f3n, rentabilidad etc&#8230;<\/p>\n<p>Nuestro compromiso es presentar 3 inmuebles aunque puedan ascender en el presupuesto en un 20%.<\/p>\n<p>[\/et_pb_text][\/et_pb_column][\/et_pb_row][et_pb_row column_structure=\u00bb1_4,3_4&#8243; _builder_version=\u00bb4.16&#8243; global_colors_info=\u00bb{}\u00bb][et_pb_column type=\u00bb1_4&#8243; _builder_version=\u00bb4.16&#8243; global_colors_info=\u00bb{}\u00bb][et_pb_image src=\u00bbhttps:\/\/www.distinctium.com\/wp-content\/uploads\/Distinctium-serveis-2.jpg\u00bb _builder_version=\u00bb4.21.0&#8243; hover_enabled=\u00bb0&#8243; global_colors_info=\u00bb{}\u00bb sticky_enabled=\u00bb0&#8243;][\/et_pb_image][\/et_pb_column][et_pb_column type=\u00bb3_4&#8243; _builder_version=\u00bb4.16&#8243; global_colors_info=\u00bb{}\u00bb][et_pb_text _builder_version=\u00bb4.16&#8243; header_font=\u00bb|800|||||||\u00bb header_text_color=\u00bb#2b2e83&#8243; global_colors_info=\u00bb{}\u00bb]<\/p>\n<h1>2<\/h1>\n<p>[\/et_pb_text][et_pb_text _builder_version=\u00bb4.16&#8243; global_colors_info=\u00bb{}\u00bb]<\/p>\n<p>En el plazo de 6 meses se presentar\u00e1n los inmuebles que encajen: al inicio se realiza un pago de 1.500\u20ac, pasados los 3 meses si no hay ninguna decisi\u00f3n se decide si se modifica los criterios o se sigue en la misma l\u00ednea.<\/p>\n<p>[\/et_pb_text][\/et_pb_column][\/et_pb_row][et_pb_row column_structure=\u00bb1_4,3_4&#8243; _builder_version=\u00bb4.16&#8243; global_colors_info=\u00bb{}\u00bb][et_pb_column type=\u00bb1_4&#8243; _builder_version=\u00bb4.16&#8243; global_colors_info=\u00bb{}\u00bb][et_pb_image src=\u00bbhttps:\/\/www.distinctium.com\/wp-content\/uploads\/Distinctium-serveis-3.jpg\u00bb _builder_version=\u00bb4.21.0&#8243; global_colors_info=\u00bb{}\u00bb][\/et_pb_image][\/et_pb_column][et_pb_column type=\u00bb3_4&#8243; _builder_version=\u00bb4.16&#8243; global_colors_info=\u00bb{}\u00bb][et_pb_text _builder_version=\u00bb4.16&#8243; header_font=\u00bb|800|||||||\u00bb header_text_color=\u00bb#2b2e83&#8243; global_colors_info=\u00bb{}\u00bb]<\/p>\n<h1>3<\/h1>\n<p>[\/et_pb_text][et_pb_text _builder_version=\u00bb4.16&#8243; global_colors_info=\u00bb{}\u00bb]<\/p>\n<p>Cuando se consiga encontrar el inmueble y se firme el contrato de arras se realizar\u00e1 un segundo pago de 1.000\u20ac<\/p>\n<p>Nuestro servicio ser\u00e1 un 2% sobre el valor del inmueble, con un m\u00ednimo de 2.500 \u20ac y un m\u00e1ximo de 5.000 \u20ac.<\/p>\n<p>[\/et_pb_text][\/et_pb_column][\/et_pb_row][\/et_pb_section][et_pb_section fb_built=\u00bb1&#8243; _builder_version=\u00bb4.21.0&#8243; background_image=\u00bbhttps:\/\/www.distinctium.com\/wp-content\/uploads\/Distinctium-serveis-contacte.jpg\u00bb custom_padding=\u00bb132px||151px|||\u00bb top_divider_style=\u00bbarrow\u00bb top_divider_color=\u00bb#2b2e83&#8243; hover_enabled=\u00bb0&#8243; global_module=\u00bb179&#8243; saved_tabs=\u00bball\u00bb global_colors_info=\u00bb{}\u00bb sticky_enabled=\u00bb0&#8243;][et_pb_row _builder_version=\u00bb4.21.0&#8243; background_color=\u00bbRGBA(255,255,255,0)\u00bb hover_enabled=\u00bb0&#8243; global_colors_info=\u00bb{}\u00bb sticky_enabled=\u00bb0&#8243;][et_pb_column type=\u00bb4_4&#8243; _builder_version=\u00bb4.16&#8243; global_colors_info=\u00bb{}\u00bb][et_pb_text _builder_version=\u00bb4.21.0&#8243; header_text_align=\u00bbcenter\u00bb header_3_text_align=\u00bbcenter\u00bb background_color=\u00bbrgba(255,255,255,0.39)\u00bb custom_padding=\u00bb58px|||||\u00bb hover_enabled=\u00bb0&#8243; global_colors_info=\u00bb{}\u00bb sticky_enabled=\u00bb0&#8243;]<\/p>\n<h1>CONTACTA CON NOSOTROS<\/h1>\n<p>&nbsp;<\/p>\n<h3>Expl\u00edcanos d\u00f3nde y qu\u00e9 quieres comprar.<\/h3>\n<h3>Te ayudaremos en todo el proceso de b\u00fasqueda, auditor\u00eda, financiaci\u00f3n y tr\u00e1mites.<\/h3>\n<p>&nbsp;<\/p>\n<p>&nbsp;<\/p>\n<p>[\/et_pb_text][et_pb_button button_url=\u00bb@ET-DC@eyJkeW5hbWljIjp0cnVlLCJjb250ZW50IjoicG9zdF9saW5rX3VybF9wYWdlIiwic2V0dGluZ3MiOnsicG9zdF9pZCI6IjI4In19@\u00bb button_text=\u00bbCONTACTO\u00bb button_alignment=\u00bbcenter\u00bb _builder_version=\u00bb4.21.0&#8243; _dynamic_attributes=\u00bbbutton_url\u00bb custom_button=\u00bbon\u00bb button_text_color=\u00bb#2b2e83&#8243; button_bg_color=\u00bb#ffffff\u00bb button_border_color=\u00bb#2b2e83&#8243; global_colors_info=\u00bb{}\u00bb][\/et_pb_button][\/et_pb_column][\/et_pb_row][\/et_pb_section]<\/p>\n","protected":false},"excerpt":{"rendered":"<p>POR QU\u00c9 UN PERSONAL SHOPPER INMOBILIARIO?Un Personal Shopper Inmobiliario es un asesor inmobiliario que se posiciona y defiende, de forma exclusiva y determinante, los intereses del cliente COMPRADOR. 1En primer lugar realizamos un cuestionario para conocer las necesidades de nuestro cliente y ponderar las que son m\u00e1s importantes como pueden ser: espacio, ubicaci\u00f3n, rentabilidad etc&#8230; [&hellip;]<\/p>\n","protected":false},"author":1,"featured_media":0,"parent":0,"menu_order":0,"comment_status":"closed","ping_status":"closed","template":"","meta":{"_et_pb_use_builder":"on","_et_pb_old_content":"","_et_gb_content_width":"","footnotes":""},"class_list":["post-510","page","type-page","status-publish","hentry"],"yoast_head":"<!-- This site is optimized with the Yoast SEO plugin v23.7 - https:\/\/yoast.com\/wordpress\/plugins\/seo\/ -->\n<title>Servicios - Distinctium - Personal Shoper Immobiliari<\/title>\n<meta name=\"robots\" content=\"index, follow, max-snippet:-1, max-image-preview:large, max-video-preview:-1\" \/>\n<link rel=\"canonical\" href=\"https:\/\/www.distinctium.com\/serveis\/\" \/>\n<meta property=\"og:locale\" content=\"es_ES\" \/>\n<meta property=\"og:type\" content=\"article\" \/>\n<meta property=\"og:title\" content=\"Servicios - Distinctium - Personal Shoper Immobiliari\" \/>\n<meta property=\"og:description\" content=\"POR QU\u00c9 UN PERSONAL SHOPPER INMOBILIARIO?Un Personal Shopper Inmobiliario es un asesor inmobiliario que se posiciona y defiende, de forma exclusiva y determinante, los intereses del cliente COMPRADOR. 1En primer lugar realizamos un cuestionario para conocer las necesidades de nuestro cliente y ponderar las que son m\u00e1s importantes como pueden ser: espacio, ubicaci\u00f3n, rentabilidad etc... [&hellip;]\" \/>\n<meta property=\"og:url\" content=\"https:\/\/www.distinctium.com\/serveis\/\" \/>\n<meta property=\"og:site_name\" content=\"Distinctium - Personal Shoper Immobiliari\" \/>\n<meta property=\"article:modified_time\" content=\"2023-08-03T11:33:31+00:00\" \/>\n<meta name=\"twitter:card\" content=\"summary_large_image\" \/>\n<meta name=\"twitter:label1\" content=\"Tiempo de lectura\" \/>\n\t<meta name=\"twitter:data1\" content=\"4 minutos\" \/>\n<script type=\"application\/ld+json\" class=\"yoast-schema-graph\">{\"@context\":\"https:\/\/schema.org\",\"@graph\":[{\"@type\":\"WebPage\",\"@id\":\"https:\/\/www.distinctium.com\/serveis\/\",\"url\":\"https:\/\/www.distinctium.com\/serveis\/\",\"name\":\"Servicios - Distinctium - Personal Shoper Immobiliari\",\"isPartOf\":{\"@id\":\"https:\/\/www.distinctium.com\/#website\"},\"datePublished\":\"2023-07-12T10:32:52+00:00\",\"dateModified\":\"2023-08-03T11:33:31+00:00\",\"breadcrumb\":{\"@id\":\"https:\/\/www.distinctium.com\/serveis\/#breadcrumb\"},\"inLanguage\":\"es\",\"potentialAction\":[{\"@type\":\"ReadAction\",\"target\":[\"https:\/\/www.distinctium.com\/serveis\/\"]}]},{\"@type\":\"BreadcrumbList\",\"@id\":\"https:\/\/www.distinctium.com\/serveis\/#breadcrumb\",\"itemListElement\":[{\"@type\":\"ListItem\",\"position\":1,\"name\":\"Inici\",\"item\":\"https:\/\/www.distinctium.com\/\"},{\"@type\":\"ListItem\",\"position\":2,\"name\":\"Servicios\"}]},{\"@type\":\"WebSite\",\"@id\":\"https:\/\/www.distinctium.com\/#website\",\"url\":\"https:\/\/www.distinctium.com\/\",\"name\":\"Distinctium - Personal Shoper Immobiliari\",\"description\":\"Costa Brava i Barcelona\",\"publisher\":{\"@id\":\"https:\/\/www.distinctium.com\/#organization\"},\"potentialAction\":[{\"@type\":\"SearchAction\",\"target\":{\"@type\":\"EntryPoint\",\"urlTemplate\":\"https:\/\/www.distinctium.com\/?s={search_term_string}\"},\"query-input\":{\"@type\":\"PropertyValueSpecification\",\"valueRequired\":true,\"valueName\":\"search_term_string\"}}],\"inLanguage\":\"es\"},{\"@type\":\"Organization\",\"@id\":\"https:\/\/www.distinctium.com\/#organization\",\"name\":\"DISTINCTIUM SL\",\"url\":\"https:\/\/www.distinctium.com\/\",\"logo\":{\"@type\":\"ImageObject\",\"inLanguage\":\"es\",\"@id\":\"https:\/\/www.distinctium.com\/#\/schema\/logo\/image\/\",\"url\":\"https:\/\/www.distinctium.com\/wp-content\/uploads\/2023\/07\/cropped-favicon-distinctium.jpg\",\"contentUrl\":\"https:\/\/www.distinctium.com\/wp-content\/uploads\/2023\/07\/cropped-favicon-distinctium.jpg\",\"width\":512,\"height\":512,\"caption\":\"DISTINCTIUM SL\"},\"image\":{\"@id\":\"https:\/\/www.distinctium.com\/#\/schema\/logo\/image\/\"}}]}<\/script>\n<!-- \/ Yoast SEO plugin. -->","yoast_head_json":{"title":"Servicios - Distinctium - Personal Shoper Immobiliari","robots":{"index":"index","follow":"follow","max-snippet":"max-snippet:-1","max-image-preview":"max-image-preview:large","max-video-preview":"max-video-preview:-1"},"canonical":"https:\/\/www.distinctium.com\/serveis\/","og_locale":"es_ES","og_type":"article","og_title":"Servicios - Distinctium - Personal Shoper Immobiliari","og_description":"POR QU\u00c9 UN PERSONAL SHOPPER INMOBILIARIO?Un Personal Shopper Inmobiliario es un asesor inmobiliario que se posiciona y defiende, de forma exclusiva y determinante, los intereses del cliente COMPRADOR. 1En primer lugar realizamos un cuestionario para conocer las necesidades de nuestro cliente y ponderar las que son m\u00e1s importantes como pueden ser: espacio, ubicaci\u00f3n, rentabilidad etc... [&hellip;]","og_url":"https:\/\/www.distinctium.com\/serveis\/","og_site_name":"Distinctium - Personal Shoper Immobiliari","article_modified_time":"2023-08-03T11:33:31+00:00","twitter_card":"summary_large_image","twitter_misc":{"Tiempo de lectura":"4 minutos"},"schema":{"@context":"https:\/\/schema.org","@graph":[{"@type":"WebPage","@id":"https:\/\/www.distinctium.com\/serveis\/","url":"https:\/\/www.distinctium.com\/serveis\/","name":"Servicios - Distinctium - Personal Shoper Immobiliari","isPartOf":{"@id":"https:\/\/www.distinctium.com\/#website"},"datePublished":"2023-07-12T10:32:52+00:00","dateModified":"2023-08-03T11:33:31+00:00","breadcrumb":{"@id":"https:\/\/www.distinctium.com\/serveis\/#breadcrumb"},"inLanguage":"es","potentialAction":[{"@type":"ReadAction","target":["https:\/\/www.distinctium.com\/serveis\/"]}]},{"@type":"BreadcrumbList","@id":"https:\/\/www.distinctium.com\/serveis\/#breadcrumb","itemListElement":[{"@type":"ListItem","position":1,"name":"Inici","item":"https:\/\/www.distinctium.com\/"},{"@type":"ListItem","position":2,"name":"Servicios"}]},{"@type":"WebSite","@id":"https:\/\/www.distinctium.com\/#website","url":"https:\/\/www.distinctium.com\/","name":"Distinctium - Personal Shoper Immobiliari","description":"Costa Brava i Barcelona","publisher":{"@id":"https:\/\/www.distinctium.com\/#organization"},"potentialAction":[{"@type":"SearchAction","target":{"@type":"EntryPoint","urlTemplate":"https:\/\/www.distinctium.com\/?s={search_term_string}"},"query-input":{"@type":"PropertyValueSpecification","valueRequired":true,"valueName":"search_term_string"}}],"inLanguage":"es"},{"@type":"Organization","@id":"https:\/\/www.distinctium.com\/#organization","name":"DISTINCTIUM SL","url":"https:\/\/www.distinctium.com\/","logo":{"@type":"ImageObject","inLanguage":"es","@id":"https:\/\/www.distinctium.com\/#\/schema\/logo\/image\/","url":"https:\/\/www.distinctium.com\/wp-content\/uploads\/2023\/07\/cropped-favicon-distinctium.jpg","contentUrl":"https:\/\/www.distinctium.com\/wp-content\/uploads\/2023\/07\/cropped-favicon-distinctium.jpg","width":512,"height":512,"caption":"DISTINCTIUM SL"},"image":{"@id":"https:\/\/www.distinctium.com\/#\/schema\/logo\/image\/"}}]}},"_links":{"self":[{"href":"https:\/\/www.distinctium.com\/es\/wp-json\/wp\/v2\/pages\/510","targetHints":{"allow":["GET"]}}],"collection":[{"href":"https:\/\/www.distinctium.com\/es\/wp-json\/wp\/v2\/pages"}],"about":[{"href":"https:\/\/www.distinctium.com\/es\/wp-json\/wp\/v2\/types\/page"}],"author":[{"embeddable":true,"href":"https:\/\/www.distinctium.com\/es\/wp-json\/wp\/v2\/users\/1"}],"replies":[{"embeddable":true,"href":"https:\/\/www.distinctium.com\/es\/wp-json\/wp\/v2\/comments?post=510"}],"version-history":[{"count":2,"href":"https:\/\/www.distinctium.com\/es\/wp-json\/wp\/v2\/pages\/510\/revisions"}],"predecessor-version":[{"id":512,"href":"https:\/\/www.distinctium.com\/es\/wp-json\/wp\/v2\/pages\/510\/revisions\/512"}],"wp:attachment":[{"href":"https:\/\/www.distinctium.com\/es\/wp-json\/wp\/v2\/media?parent=510"}],"curies":[{"name":"wp","href":"https:\/\/api.w.org\/{rel}","templated":true}]}}